{"id":4788,"date":"2017-08-23T13:52:26","date_gmt":"2017-08-23T16:52:26","guid":{"rendered":"https:\/\/www.cittadini.com.ar\/?page_id=4788"},"modified":"2018-09-04T14:46:19","modified_gmt":"2018-09-04T17:46:19","slug":"nuestra-empresa","status":"publish","type":"page","link":"https:\/\/www.cittadini.com.ar\/en\/nuestra-empresa\/","title":{"rendered":"Our Company"},"content":{"rendered":"<div class=\"vc_row wpb_row vc_row-fluid vc_custom_1504198769613\"><div class=\"wpb_column vc_column_container vc_col-sm-12\"><div class=\"vc_column-inner\"><div class=\"wpb_wrapper\"><div class=\"vc_row wpb_row vc_inner vc_row-fluid vc_custom_1463554766763 vc_row-o-content-bottom vc_row-flex\"><div class=\"wpb_column vc_column_container vc_col-sm-6\"><div class=\"vc_column-inner\"><div class=\"wpb_wrapper\">\n\t<div class=\"wpb_text_column wpb_content_element\" >\n\t\t<div class=\"wpb_wrapper\">\n\t\t\t<h2><strong>We are Cittadini!<\/strong> Beekeeping Clothing!<\/h2>\n<p class=\"fs-18 line-normal fw-light\">In Pig\u00fc\u00e9, in 1989, Cittadini Indumentaria Apicola was born, with the help of beekeepers Mirta Cittadini and Ra\u00fal Zaffora.<\/p>\n<p>The apicultural clothing of that time was not appropriate. The materials that were used then were uncomfortable and difficult to preserve. There were no garments that could provide comfort and safety to the beekeeper at the same time.<\/p>\n<p>In this way, faced with their own needs and the absence of products on the market that resolve this situation, they decided to create an effective and comfortable contract for protection for the beekeeper.<\/p>\n<p>In conjunction with friendly beekeepers and based on the suggestions received from the experience, they devised and manufactured olgadas and comfortable garments and at the same time resistant to possible stings. We also trained intensively to create a product that meets the different comfort and safety needs<br \/>\nof the activity.<\/p>\n<p>All the products of the brand are made with cotton fabric and quality accessory materials. Only yellow and white colors are used for our garments, since they are the least irritating colors for bees and the freshest for high-temperature periods.<\/p>\n\n\t\t<\/div>\n\t<\/div>\n<\/div><\/div><\/div><div class=\"wpb_column vc_column_container vc_col-sm-6\"><div class=\"vc_column-inner\"><div class=\"wpb_wrapper\">\n\t<div class=\"wpb_text_column wpb_content_element  vc_custom_1504197837642\" >\n\t\t<div class=\"wpb_wrapper\">\n\t\t\t<p>We continue to grow and work to offer our customers more and better products, now through our website with the ability to buy and receive our garments and accessories from the comfort of your home.<\/p>\n<p>We invite you to visit and browse our online store and choose everything you need. It is easy, safe and has, as always, the quality assurance of Cittadini Indumentaria Ap\u00edcola. Welcome.<\/p>\n\n\t\t<\/div>\n\t<\/div>\n<\/div><\/div><\/div><\/div><\/div><\/div><\/div><\/div>","protected":false},"excerpt":{"rendered":"Somos Cittadini! Indumentaria Ap\u00edcola! En Pig\u00fc\u00e9, en 1989, naci\u00f3 Cittadini Indumentaria Apicola, de la mano de los apicultores Mirta Cittadini y Ra\u00fal Zaffora. La indumentaria apicola de esa \u00e9poca no era la apropiada. Los materiales que se usaban entonces eran inc\u00f3modos y de dif\u00edcil conservaci\u00f3n. No exisit\u00edan prendas que pudieran brindar al mismo tiempo comodidad [...]","protected":false},"author":7,"featured_media":0,"parent":0,"menu_order":0,"comment_status":"closed","ping_status":"closed","template":"","meta":{"footnotes":""},"class_list":["post-4788","page","type-page","status-publish","hentry"],"_links":{"self":[{"href":"https:\/\/www.cittadini.com.ar\/en\/wp-json\/wp\/v2\/pages\/4788","targetHints":{"allow":["GET"]}}],"collection":[{"href":"https:\/\/www.cittadini.com.ar\/en\/wp-json\/wp\/v2\/pages"}],"about":[{"href":"https:\/\/www.cittadini.com.ar\/en\/wp-json\/wp\/v2\/types\/page"}],"author":[{"embeddable":true,"href":"https:\/\/www.cittadini.com.ar\/en\/wp-json\/wp\/v2\/users\/7"}],"replies":[{"embeddable":true,"href":"https:\/\/www.cittadini.com.ar\/en\/wp-json\/wp\/v2\/comments?post=4788"}],"version-history":[{"count":0,"href":"https:\/\/www.cittadini.com.ar\/en\/wp-json\/wp\/v2\/pages\/4788\/revisions"}],"wp:attachment":[{"href":"https:\/\/www.cittadini.com.ar\/en\/wp-json\/wp\/v2\/media?parent=4788"}],"curies":[{"name":"wp","href":"https:\/\/api.w.org\/{rel}","templated":true}]}}